{"id":99,"date":"2022-10-01T14:13:28","date_gmt":"2022-10-01T12:13:28","guid":{"rendered":"https:\/\/dontstealmydog.com\/?page_id=99"},"modified":"2022-10-02T18:40:47","modified_gmt":"2022-10-02T16:40:47","slug":"proteger-son-chien","status":"publish","type":"page","link":"https:\/\/dontstealmydog.com\/index.php\/proteger-son-chien\/","title":{"rendered":"Prot\u00e9ger son chien"},"content":{"rendered":"\n<p>Voici une s\u00e9lection de produits qui vous permettront de prot\u00e9ger votre chien contre les vols :<\/p>\n\n\n\n<p><strong>Laisses<\/strong> \ud83e\uddae<\/p>\n\n\n\n<p>Pour \u00e9viter que les voleurs coupent votre laisse, n&rsquo;h\u00e9sitez pas \u00e0 investir dans une laisse en cha\u00eene ou dans une laisse \u00e9paisse :<\/p>\n\n\n\n<p><\/p>\n\n\n\n<div class=\"wp-container-3 wp-block-columns\">\n<div class=\"wp-container-1 wp-block-column\">\n<figure class=\"wp-block-image size-large is-resized\"><a href=\"https:\/\/amzn.to\/3UXG6X2\"><img loading=\"lazy\" src=\"https:\/\/dontstealmydog.com\/wp-content\/uploads\/2022\/10\/image-1-1024x730.png\" alt=\"\" class=\"wp-image-143\" width=\"308\" height=\"219\" srcset=\"https:\/\/dontstealmydog.com\/wp-content\/uploads\/2022\/10\/image-1-1024x730.png 1024w, https:\/\/dontstealmydog.com\/wp-content\/uploads\/2022\/10\/image-1-300x214.png 300w, https:\/\/dontstealmydog.com\/wp-content\/uploads\/2022\/10\/image-1-768x547.png 768w, https:\/\/dontstealmydog.com\/wp-content\/uploads\/2022\/10\/image-1.png 1402w\" sizes=\"(max-width: 308px) 100vw, 308px\" \/><\/a><\/figure>\n\n\n\n<p>Entre 14\u20ac et 20\u20ac selon la largeur et la longueur de la chaine. Produit test\u00e9 et valid\u00e9 \u2611\ufe0f<\/p>\n\n\n\n<p>Lien : <a href=\"https:\/\/amzn.to\/3UXG6X2\">https:\/\/amzn.to\/3UXG6X2<\/a><\/p>\n<\/div>\n\n\n\n<div class=\"wp-container-2 wp-block-column\">\n<figure class=\"wp-block-image size-large is-resized\"><img loading=\"lazy\" src=\"https:\/\/dontstealmydog.com\/wp-content\/uploads\/2022\/10\/image-2-1024x960.png\" alt=\"\" class=\"wp-image-144\" width=\"238\" height=\"222\" srcset=\"https:\/\/dontstealmydog.com\/wp-content\/uploads\/2022\/10\/image-2-1024x960.png 1024w, https:\/\/dontstealmydog.com\/wp-content\/uploads\/2022\/10\/image-2-300x281.png 300w, https:\/\/dontstealmydog.com\/wp-content\/uploads\/2022\/10\/image-2-768x720.png 768w, https:\/\/dontstealmydog.com\/wp-content\/uploads\/2022\/10\/image-2-1152x1080.png 1152w, https:\/\/dontstealmydog.com\/wp-content\/uploads\/2022\/10\/image-2.png 1164w\" sizes=\"(max-width: 238px) 100vw, 238px\" \/><\/figure>\n\n\n\n<p>Entre 15 et 22\u20ac selon le diam\u00e8tre et la longueur de la laisse.<\/p>\n\n\n\n<p>Lien : <a href=\"https:\/\/amzn.to\/3Csnebm\">https:\/\/amzn.to\/3Csnebm<\/a><\/p>\n<\/div>\n<\/div>\n\n\n\n<p><\/p>\n\n\n\n<p><strong>Mousquetons<\/strong> \ud83d\udddd<\/p>\n\n\n\n<div class=\"wp-container-6 wp-block-columns\">\n<div class=\"wp-container-4 wp-block-column\">\n<p>Ces mousquetons vous permettent d&rsquo;attacher la laisse de votre chien \u00e0 votre ceinture pour \u00e9viter les vols \u00e0 l&rsquo;arrach\u00e9.<\/p>\n\n\n\n<figure class=\"wp-block-image size-full is-resized\"><a href=\"https:\/\/amzn.to\/3ruRGeF\"><img loading=\"lazy\" src=\"https:\/\/dontstealmydog.com\/wp-content\/uploads\/2022\/10\/image-3.png\" alt=\"\" class=\"wp-image-146\" width=\"271\" height=\"192\" srcset=\"https:\/\/dontstealmydog.com\/wp-content\/uploads\/2022\/10\/image-3.png 940w, https:\/\/dontstealmydog.com\/wp-content\/uploads\/2022\/10\/image-3-300x214.png 300w, https:\/\/dontstealmydog.com\/wp-content\/uploads\/2022\/10\/image-3-768x547.png 768w\" sizes=\"(max-width: 271px) 100vw, 271px\" \/><\/a><\/figure>\n\n\n\n<p>Prix : 13\u20ac &#8211; Produit test\u00e9 et valid\u00e9 \u2611\ufe0f<\/p>\n\n\n\n<p>Lien : <a href=\"https:\/\/amzn.to\/3ruRGeF\">https:\/\/amzn.to\/3ruRGeF<\/a><\/p>\n<\/div>\n\n\n\n<div class=\"wp-container-5 wp-block-column\">\n<p>Ces mousquetons vous permettent d&rsquo;attacher le clip de la laisse au harnais\/collier de votre chien pour \u00e9viter que les voleurs ne d\u00e9tachent votre chien trop facilement.<\/p>\n\n\n\n<figure class=\"wp-block-image size-large is-resized\"><a href=\"https:\/\/amzn.to\/3fBv89o\"><img loading=\"lazy\" src=\"https:\/\/dontstealmydog.com\/wp-content\/uploads\/2022\/10\/image-4-1024x812.png\" alt=\"\" class=\"wp-image-147\" width=\"237\" height=\"187\" srcset=\"https:\/\/dontstealmydog.com\/wp-content\/uploads\/2022\/10\/image-4-1024x812.png 1024w, https:\/\/dontstealmydog.com\/wp-content\/uploads\/2022\/10\/image-4-300x238.png 300w, https:\/\/dontstealmydog.com\/wp-content\/uploads\/2022\/10\/image-4-768x609.png 768w, https:\/\/dontstealmydog.com\/wp-content\/uploads\/2022\/10\/image-4-1362x1080.png 1362w, https:\/\/dontstealmydog.com\/wp-content\/uploads\/2022\/10\/image-4.png 1489w\" sizes=\"(max-width: 237px) 100vw, 237px\" \/><\/a><\/figure>\n\n\n\n<p>Prix : 17\u20ac<\/p>\n\n\n\n<p>Lien : <a href=\"https:\/\/amzn.to\/3fBv89o\">https:\/\/amzn.to\/3fBv89o<\/a><\/p>\n<\/div>\n<\/div>\n\n\n\n<p><strong>Cam\u00e9ras<\/strong> \ud83c\udfa5<\/p>\n\n\n\n<div class=\"wp-container-10 wp-block-columns\">\n<div class=\"wp-container-7 wp-block-column\">\n<p><strong>Cam\u00e9ra d&rsquo;int\u00e9rieur<\/strong> \ud83d\udecb<\/p>\n\n\n\n<p>Pour recevoir des alertes en cas de cambriolage (et pour surveiller votre \ud83d\udc36 aussi)<\/p>\n\n\n\n<figure class=\"wp-block-image size-full is-resized\"><img loading=\"lazy\" src=\"https:\/\/dontstealmydog.com\/wp-content\/uploads\/2022\/10\/image-9.png\" alt=\"\" class=\"wp-image-154\" width=\"195\" height=\"258\" srcset=\"https:\/\/dontstealmydog.com\/wp-content\/uploads\/2022\/10\/image-9.png 660w, https:\/\/dontstealmydog.com\/wp-content\/uploads\/2022\/10\/image-9-226x300.png 226w\" sizes=\"(max-width: 195px) 100vw, 195px\" \/><\/figure>\n\n\n\n<p>Prix : 30\u20ac (en r\u00e9duction) &#8211; Produit test\u00e9 et valid\u00e9 \u2611\ufe0f<br>Lien : <a href=\"https:\/\/amzn.to\/3C073Rd\">https:\/\/amzn.to\/3C073Rd<\/a><\/p>\n<\/div>\n\n\n\n<div class=\"wp-container-8 wp-block-column\">\n<p><strong>Cam\u00e9ra d&rsquo;ext\u00e9rieur<\/strong> \ud83c\udfe1<\/p>\n\n\n\n<p>Pour dissuader les voleurs qui souhaiteraient d\u00e9rober votre chien lorsqu&rsquo;il profite du jardin.<\/p>\n\n\n\n<figure class=\"wp-block-image size-large is-resized\"><a href=\"https:\/\/amzn.to\/3e5NdMt\"><img loading=\"lazy\" src=\"https:\/\/dontstealmydog.com\/wp-content\/uploads\/2022\/10\/image-5-971x1024.png\" alt=\"\" class=\"wp-image-150\" width=\"233\" height=\"245\" srcset=\"https:\/\/dontstealmydog.com\/wp-content\/uploads\/2022\/10\/image-5-971x1024.png 971w, https:\/\/dontstealmydog.com\/wp-content\/uploads\/2022\/10\/image-5-285x300.png 285w, https:\/\/dontstealmydog.com\/wp-content\/uploads\/2022\/10\/image-5-768x810.png 768w, https:\/\/dontstealmydog.com\/wp-content\/uploads\/2022\/10\/image-5-1024x1079.png 1024w, https:\/\/dontstealmydog.com\/wp-content\/uploads\/2022\/10\/image-5-1025x1080.png 1025w, https:\/\/dontstealmydog.com\/wp-content\/uploads\/2022\/10\/image-5.png 1423w\" sizes=\"(max-width: 233px) 100vw, 233px\" \/><\/a><\/figure>\n\n\n\n<p>Prix : 50\u20ac (coupon de 10\u20ac)<br>Lien : <a href=\"https:\/\/amzn.to\/3e5NdMt\">https:\/\/amzn.to\/3e5NdMt<\/a><\/p>\n<\/div>\n\n\n\n<div class=\"wp-container-9 wp-block-column\">\n<p><strong>Cam\u00e9ra ampoule <\/strong>\ud83d\udca1<\/p>\n\n\n\n<p>Facile \u00e0 installer et peut s&#8217;emporter partout !<\/p>\n\n\n\n<figure class=\"wp-block-image size-full is-resized\"><img loading=\"lazy\" src=\"https:\/\/dontstealmydog.com\/wp-content\/uploads\/2022\/10\/image-6.png\" alt=\"\" class=\"wp-image-151\" width=\"160\" height=\"300\"\/><\/figure>\n\n\n\n<p>Prix : 76\u20ac (coupon de 10\u20ac)<br>Lien : <a href=\"https:\/\/amzn.to\/3Cquogk\">https:\/\/amzn.to\/3Cquogk<\/a><\/p>\n\n\n\n<p><\/p>\n<\/div>\n<\/div>\n\n\n\n<p><strong>Self-defense<\/strong> \ud83e\udd4a<\/p>\n\n\n\n<p>Je vous conseille de toujours avoir sur vous une bombe anti-agression pour dissuader les voleurs !<\/p>\n\n\n\n<figure class=\"wp-block-image size-large is-resized\"><a href=\"https:\/\/amzn.to\/3EaE684\"><img loading=\"lazy\" src=\"https:\/\/dontstealmydog.com\/wp-content\/uploads\/2022\/10\/image-10-360x1024.png\" alt=\"\" class=\"wp-image-156\" width=\"84\" height=\"240\" srcset=\"https:\/\/dontstealmydog.com\/wp-content\/uploads\/2022\/10\/image-10-360x1024.png 360w, https:\/\/dontstealmydog.com\/wp-content\/uploads\/2022\/10\/image-10-105x300.png 105w, https:\/\/dontstealmydog.com\/wp-content\/uploads\/2022\/10\/image-10-379x1080.png 379w, https:\/\/dontstealmydog.com\/wp-content\/uploads\/2022\/10\/image-10.png 527w\" sizes=\"(max-width: 84px) 100vw, 84px\" \/><\/a><\/figure>\n\n\n\n<p>Prix : 17\u20ac &#8211; Produit test\u00e9 et valid\u00e9 \u2611\ufe0f<br>Lien : <a href=\"https:\/\/amzn.to\/3EaE684\">https:\/\/amzn.to\/3EaE684<\/a><\/p>\n","protected":false},"excerpt":{"rendered":"<p>Voici une s\u00e9lection de produits qui vous permettront de prot\u00e9ger votre chien contre les vols : Laisses \ud83e\uddae Pour \u00e9viter que les voleurs coupent votre laisse, n&rsquo;h\u00e9sitez pas \u00e0 investir dans une laisse en cha\u00eene ou dans une laisse \u00e9paisse : Entre 14\u20ac et 20\u20ac selon la largeur et la longueur de la chaine. Produit&hellip; <br \/> <a class=\"read-more\" href=\"https:\/\/dontstealmydog.com\/index.php\/proteger-son-chien\/\">Lire la suite<\/a><\/p>\n","protected":false},"author":1,"featured_media":0,"parent":0,"menu_order":3,"comment_status":"closed","ping_status":"closed","template":"","meta":{"om_disable_all_campaigns":false,"_monsterinsights_skip_tracking":false,"_monsterinsights_sitenote_active":false,"_monsterinsights_sitenote_note":"","_monsterinsights_sitenote_category":0},"aioseo_notices":[],"_links":{"self":[{"href":"https:\/\/dontstealmydog.com\/index.php\/wp-json\/wp\/v2\/pages\/99"}],"collection":[{"href":"https:\/\/dontstealmydog.com\/index.php\/wp-json\/wp\/v2\/pages"}],"about":[{"href":"https:\/\/dontstealmydog.com\/index.php\/wp-json\/wp\/v2\/types\/page"}],"author":[{"embeddable":true,"href":"https:\/\/dontstealmydog.com\/index.php\/wp-json\/wp\/v2\/users\/1"}],"replies":[{"embeddable":true,"href":"https:\/\/dontstealmydog.com\/index.php\/wp-json\/wp\/v2\/comments?post=99"}],"version-history":[{"count":16,"href":"https:\/\/dontstealmydog.com\/index.php\/wp-json\/wp\/v2\/pages\/99\/revisions"}],"predecessor-version":[{"id":160,"href":"https:\/\/dontstealmydog.com\/index.php\/wp-json\/wp\/v2\/pages\/99\/revisions\/160"}],"wp:attachment":[{"href":"https:\/\/dontstealmydog.com\/index.php\/wp-json\/wp\/v2\/media?parent=99"}],"curies":[{"name":"wp","href":"https:\/\/api.w.org\/{rel}","templated":true}]}}