{"id":27,"date":"2021-04-11T11:06:51","date_gmt":"2021-04-11T09:06:51","guid":{"rendered":"http:\/\/dontstealmydog.com\/?page_id=27"},"modified":"2022-10-02T16:47:35","modified_gmt":"2022-10-02T14:47:35","slug":"pourquoi-et-comment","status":"publish","type":"page","link":"https:\/\/dontstealmydog.com\/index.php\/pourquoi-et-comment\/","title":{"rendered":"En savoir +"},"content":{"rendered":"\n<p>Les vols de chiens sont trop nombreux. J&rsquo;ai le coeur d\u00e9chir\u00e9 \u00e0 chaque fois que je vois des ma\u00eetres perdre leurs compagnons \u00e0 quatres pattes aux mains de voleurs sans foi ni loi. J&rsquo;angoisse toujours \u00e0 l&rsquo;id\u00e9e que cela m&rsquo;arrive un jour et je veux donc agir et plus particuli\u00e8rement<strong> pr\u00e9venir<\/strong>. Il existe en effet de nombreux site et groupes comme <strong><a href=\"https:\/\/www.petalertfrance.com\/\" data-type=\"URL\" data-id=\"https:\/\/www.petalertfrance.com\/\">Pet Alert<\/a><\/strong> ou <strong><a href=\"https:\/\/www.facebook.com\/Pattes.en.cavale.France\/\">Pattes en cavales<\/a><\/strong> (bravo pour ce que vous faites!) qui alertent sur les animaux perdus ou vol\u00e9s mais aujourd&rsquo;hui j&rsquo;aimerais <strong>pr\u00e9venir plut\u00f4t que gu\u00e9rir<\/strong>.<\/p>\n\n\n\n<p>J&rsquo;ai donc mis en place un <strong>syst\u00e8me de pr\u00e9vention pour alerter<\/strong> sur :<\/p>\n\n\n\n<ul><li>Les tentatives de vols<\/li><li>Les personnes qui posent des questions qui vous semblent li\u00e9es \u00e0 du rep\u00e9rage<\/li><li>Les personnes qui semblent vous surveiller \/ vous suivre<\/li><\/ul>\n\n\n\n<p>Je sais que ces alertes peuvent \u00eatre source d&rsquo;angoisses mais un homme averti en vaut deux. Ne vous emp\u00eachez pas de vivre votre plus belle vie avec votre petit (ou gros) loup \ud83d\udc3a. \u00c9quipez-vous, adoptez de bons r\u00e9flexes et restez vigilants. <\/p>\n\n\n\n<p>Si vous avez des questions\/remarques, n&rsquo;h\u00e9sitez pas \u00e0 me contacter par email : <span style=\"text-decoration: underline;\">dontstealmydog@gmail.com<\/span>.<\/p>\n\n\n\n<div style=\"height:70px\" aria-hidden=\"true\" class=\"wp-block-spacer\"><\/div>\n\n\n<div class=\"wp-block-image is-style-rounded\">\n<figure class=\"aligncenter size-large is-resized\"><img loading=\"lazy\" src=\"https:\/\/dontstealmydog.com\/wp-content\/uploads\/2021\/04\/IMG_9670-1-1024x599.jpg\" alt=\"\" class=\"wp-image-58\" width=\"261\" height=\"153\" srcset=\"https:\/\/dontstealmydog.com\/wp-content\/uploads\/2021\/04\/IMG_9670-1-1024x599.jpg 1024w, https:\/\/dontstealmydog.com\/wp-content\/uploads\/2021\/04\/IMG_9670-1-300x175.jpg 300w, https:\/\/dontstealmydog.com\/wp-content\/uploads\/2021\/04\/IMG_9670-1-768x449.jpg 768w, https:\/\/dontstealmydog.com\/wp-content\/uploads\/2021\/04\/IMG_9670-1-1536x898.jpg 1536w, https:\/\/dontstealmydog.com\/wp-content\/uploads\/2021\/04\/IMG_9670-1-2048x1197.jpg 2048w, https:\/\/dontstealmydog.com\/wp-content\/uploads\/2021\/04\/IMG_9670-1-1847x1080.jpg 1847w\" sizes=\"(max-width: 261px) 100vw, 261px\" \/><figcaption>Et pour info, je m&rsquo;appelle <a href=\"https:\/\/www.linkedin.com\/in\/aliz%C3%A9-turpin\/\">Aliz\u00e9<\/a> et je suis la maman de Bambou \ud83d\ude42<\/figcaption><\/figure><\/div>\n\n\n<p><\/p>\n","protected":false},"excerpt":{"rendered":"<p>Les vols de chiens sont trop nombreux. J&rsquo;ai le coeur d\u00e9chir\u00e9 \u00e0 chaque fois que je vois des ma\u00eetres perdre leurs compagnons \u00e0 quatres pattes aux mains de voleurs sans foi ni loi. J&rsquo;angoisse toujours \u00e0 l&rsquo;id\u00e9e que cela m&rsquo;arrive un jour et je veux donc agir et plus particuli\u00e8rement pr\u00e9venir. Il existe en effet&hellip; <br \/> <a class=\"read-more\" href=\"https:\/\/dontstealmydog.com\/index.php\/pourquoi-et-comment\/\">Lire la suite<\/a><\/p>\n","protected":false},"author":1,"featured_media":0,"parent":0,"menu_order":5,"comment_status":"closed","ping_status":"closed","template":"","meta":{"om_disable_all_campaigns":false,"_monsterinsights_skip_tracking":false,"_monsterinsights_sitenote_active":false,"_monsterinsights_sitenote_note":"","_monsterinsights_sitenote_category":0},"aioseo_notices":[],"_links":{"self":[{"href":"https:\/\/dontstealmydog.com\/index.php\/wp-json\/wp\/v2\/pages\/27"}],"collection":[{"href":"https:\/\/dontstealmydog.com\/index.php\/wp-json\/wp\/v2\/pages"}],"about":[{"href":"https:\/\/dontstealmydog.com\/index.php\/wp-json\/wp\/v2\/types\/page"}],"author":[{"embeddable":true,"href":"https:\/\/dontstealmydog.com\/index.php\/wp-json\/wp\/v2\/users\/1"}],"replies":[{"embeddable":true,"href":"https:\/\/dontstealmydog.com\/index.php\/wp-json\/wp\/v2\/comments?post=27"}],"version-history":[{"count":21,"href":"https:\/\/dontstealmydog.com\/index.php\/wp-json\/wp\/v2\/pages\/27\/revisions"}],"predecessor-version":[{"id":130,"href":"https:\/\/dontstealmydog.com\/index.php\/wp-json\/wp\/v2\/pages\/27\/revisions\/130"}],"wp:attachment":[{"href":"https:\/\/dontstealmydog.com\/index.php\/wp-json\/wp\/v2\/media?parent=27"}],"curies":[{"name":"wp","href":"https:\/\/api.w.org\/{rel}","templated":true}]}}