{"id":12,"date":"2021-04-11T10:29:10","date_gmt":"2021-04-11T08:29:10","guid":{"rendered":"http:\/\/dontstealmydog.com\/?page_id=12"},"modified":"2022-10-02T16:43:29","modified_gmt":"2022-10-02T14:43:29","slug":"recevoir-les-alertes","status":"publish","type":"page","link":"https:\/\/dontstealmydog.com\/index.php\/recevoir-les-alertes\/","title":{"rendered":"Comment \u00eatre alert\u00e9 et alerter ?"},"content":{"rendered":"\n<h2>Comment \u00eatre alert\u00e9  ? \u26a0\ufe0f<\/h2>\n\n\n\n<p><strong><span style=\"text-decoration: underline;\">3 solutions possibles<\/span><\/strong><\/p>\n\n\n\n<p><\/p>\n\n\n\n<p>1\ufe0f\u20e3<strong> Par Instagram<\/strong><\/p>\n\n\n\n<p>Les alertes sont toutes relay\u00e9es par instagram. Voici un aper\u00e7u du feed \ud83d\udc47\ud83c\udffc<\/p>\n\n\n\r\n<div id=\"sb_instagram\"  class=\"sbi sbi_mob_col_2 sbi_tab_col_2 sbi_col_4 sbi_width_resp\" style=\"padding-bottom: 10px;\" data-feedid=\"*1\"  data-res=\"auto\" data-cols=\"4\" data-colsmobile=\"2\" data-colstablet=\"2\" data-num=\"8\" data-nummobile=\"4\" data-shortcode-atts=\"{}\"  data-postid=\"12\" data-locatornonce=\"1fc33fd8bc\" data-sbi-flags=\"favorLocal\">\r\n\t\r\n    <div id=\"sbi_images\"  style=\"padding: 5px;\">\r\n\t\t    <\/div>\r\n\r\n\t<div id=\"sbi_load\" >\r\n\r\n\t\r\n\t\t\t<span class=\"sbi_follow_btn sbi_custom\">\r\n        <a href=\"https:\/\/www.instagram.com\/dontstealmydog_fr\/\" style=\"background: rgb(64,139,209);\" target=\"_blank\" rel=\"nofollow noopener\">\r\n            <svg class=\"svg-inline--fa fa-instagram fa-w-14\" aria-hidden=\"true\" data-fa-processed=\"\" aria-label=\"Instagram\" data-prefix=\"fab\" data-icon=\"instagram\" role=\"img\" viewBox=\"0 0 448 512\">\n\t                <path fill=\"currentColor\" d=\"M224.1 141c-63.6 0-114.9 51.3-114.9 114.9s51.3 114.9 114.9 114.9S339 319.5 339 255.9 287.7 141 224.1 141zm0 189.6c-41.1 0-74.7-33.5-74.7-74.7s33.5-74.7 74.7-74.7 74.7 33.5 74.7 74.7-33.6 74.7-74.7 74.7zm146.4-194.3c0 14.9-12 26.8-26.8 26.8-14.9 0-26.8-12-26.8-26.8s12-26.8 26.8-26.8 26.8 12 26.8 26.8zm76.1 27.2c-1.7-35.9-9.9-67.7-36.2-93.9-26.2-26.2-58-34.4-93.9-36.2-37-2.1-147.9-2.1-184.9 0-35.8 1.7-67.6 9.9-93.9 36.1s-34.4 58-36.2 93.9c-2.1 37-2.1 147.9 0 184.9 1.7 35.9 9.9 67.7 36.2 93.9s58 34.4 93.9 36.2c37 2.1 147.9 2.1 184.9 0 35.9-1.7 67.7-9.9 93.9-36.2 26.2-26.2 34.4-58 36.2-93.9 2.1-37 2.1-147.8 0-184.8zM398.8 388c-7.8 19.6-22.9 34.7-42.6 42.6-29.5 11.7-99.5 9-132.1 9s-102.7 2.6-132.1-9c-19.6-7.8-34.7-22.9-42.6-42.6-11.7-29.5-9-99.5-9-132.1s-2.6-102.7 9-132.1c7.8-19.6 22.9-34.7 42.6-42.6 29.5-11.7 99.5-9 132.1-9s102.7-2.6 132.1 9c19.6 7.8 34.7 22.9 42.6 42.6 11.7 29.5 9 99.5 9 132.1s2.7 102.7-9 132.1z\"><\/path>\n\t            <\/svg>            <span>Suivre sur Instagram<\/span>\r\n        <\/a>\r\n    <\/span>\r\n\t\r\n<\/div>\r\n\r\n\t    <span class=\"sbi_resized_image_data\" data-feed-id=\"*1\" data-resized=\"[]\">\n\t<\/span>\n\t<\/div>\r\n\r\n\n\n\n<p>2\ufe0f\u20e3 <strong>Par l&rsquo;application Don&rsquo;t Steal My Dog<\/strong><\/p>\n\n\n\n<p>L&rsquo;application r\u00e9f\u00e9rence toutes les alertes et propose une vue map qui vous permet de cibler les annonces pr\u00e8s de chez vous \ud83d\uddfa<\/p>\n\n\n\n<p><\/p>\n\n\n\n<figure class=\"wp-block-image size-large\"><a href=\"https:\/\/app.dontstealmydog.com\/dl\/6471c6\"><img loading=\"lazy\" width=\"1024\" height=\"799\" src=\"https:\/\/dontstealmydog.com\/wp-content\/uploads\/2022\/10\/Screenshot-2022-10-02-at-16.32.32-1024x799.png\" alt=\"\" class=\"wp-image-121\" srcset=\"https:\/\/dontstealmydog.com\/wp-content\/uploads\/2022\/10\/Screenshot-2022-10-02-at-16.32.32-1024x799.png 1024w, https:\/\/dontstealmydog.com\/wp-content\/uploads\/2022\/10\/Screenshot-2022-10-02-at-16.32.32-300x234.png 300w, https:\/\/dontstealmydog.com\/wp-content\/uploads\/2022\/10\/Screenshot-2022-10-02-at-16.32.32-768x599.png 768w, https:\/\/dontstealmydog.com\/wp-content\/uploads\/2022\/10\/Screenshot-2022-10-02-at-16.32.32-1536x1198.png 1536w, https:\/\/dontstealmydog.com\/wp-content\/uploads\/2022\/10\/Screenshot-2022-10-02-at-16.32.32-1384x1080.png 1384w, https:\/\/dontstealmydog.com\/wp-content\/uploads\/2022\/10\/Screenshot-2022-10-02-at-16.32.32.png 1774w\" sizes=\"(max-width: 1024px) 100vw, 1024px\" \/><\/a><figcaption>https:\/\/app.dontstealmydog.com\/dl\/6471c6<\/figcaption><\/figure>\n\n\n\n<p>3\ufe0f\u20e3 <strong>Par email<\/strong> &#8211; En construction \ud83c\udfd7<\/p>\n\n\n\n<p>Indiquez votre adresse e-mail ici pour recevoir les alertes par email \ud83d\udc47<\/p>\n\n\n<div class=\"wpforms-container wpforms-container-full\" id=\"wpforms-82\"><form id=\"wpforms-form-82\" class=\"wpforms-validate wpforms-form wpforms-ajax-form\" data-formid=\"82\" method=\"post\" enctype=\"multipart\/form-data\" action=\"\/index.php\/wp-json\/wp\/v2\/pages\/12\" data-token=\"cb3bd19b83bb6c6b9577860c3f5bfe3e\"><noscript class=\"wpforms-error-noscript\">Veuillez activer JavaScript dans votre navigateur pour remplir ce formulaire.<\/noscript><div class=\"wpforms-field-container\"><div id=\"wpforms-82-field_1-container\" class=\"wpforms-field wpforms-field-email\" data-field-id=\"1\"><label class=\"wpforms-field-label\" for=\"wpforms-82-field_1\">E-mail <span class=\"wpforms-required-label\">*<\/span><\/label><input type=\"email\" id=\"wpforms-82-field_1\" class=\"wpforms-field-medium wpforms-field-required\" name=\"wpforms[fields][1]\" required><\/div><div id=\"wpforms-82-field_3-container\" class=\"wpforms-field wpforms-field-select wpforms-field-select-style-modern\" data-field-id=\"3\"><label class=\"wpforms-field-label\" for=\"wpforms-82-field_3\">R\u00e9gion <span class=\"wpforms-required-label\">*<\/span><\/label><select id=\"wpforms-82-field_3\" class=\"wpforms-field-medium wpforms-field-required choicesjs-select\" data-size-class=\"wpforms-field-row wpforms-field-medium\" data-search-enabled=\"1\" name=\"wpforms[fields][3]\" required=\"required\"><option value=\"\" class=\"placeholder\" disabled  selected='selected'>Ile-de-France<\/option><option value=\"Ile-de-France\" >Ile-de-France<\/option><option value=\"Auvergne-Rh\u00f4ne-Alpes\" >Auvergne-Rh\u00f4ne-Alpes<\/option><option value=\"Bourgogne-Franche-Comt\u00e9\" >Bourgogne-Franche-Comt\u00e9<\/option><option value=\"Bretagne\" >Bretagne<\/option><option value=\"Centre-Val de Loire\" >Centre-Val de Loire<\/option><option value=\"Corse\" >Corse<\/option><option value=\"Grand Est\" >Grand Est<\/option><option value=\"Hauts-de-France\" >Hauts-de-France<\/option><option value=\"Normandie\" >Normandie<\/option><option value=\"Nouvelle-Aquitaine\" >Nouvelle-Aquitaine<\/option><option value=\"Occitanie\" >Occitanie<\/option><option value=\"Pays de la Loire\" >Pays de la Loire<\/option><option value=\"Provence-Alpes-C\u00f4te d\u2019Azur\" >Provence-Alpes-C\u00f4te d\u2019Azur<\/option><\/select><\/div><\/div><div class=\"wpforms-submit-container\"><input type=\"hidden\" name=\"wpforms[id]\" value=\"82\"><input type=\"hidden\" name=\"wpforms[author]\" value=\"1\"><button type=\"submit\" name=\"wpforms[submit]\" id=\"wpforms-submit-82\" class=\"wpforms-submit\" data-alt-text=\"Envoi...\" data-submit-text=\"Envoyer\" aria-live=\"assertive\" value=\"wpforms-submit\">Envoyer<\/button><img src=\"https:\/\/dontstealmydog.com\/wp-content\/plugins\/wpforms-lite\/assets\/images\/submit-spin.svg\" class=\"wpforms-submit-spinner\" style=\"display: none;\" width=\"26\" height=\"26\" alt=\"Chargement en cours\"><\/div><\/form><\/div>  <!-- .wpforms-container -->\n\n\n<h2>Comment alerter ? \ud83d\udcf1<\/h2>\n\n\n\n<p>Vous pouvez lancer une alerte :<\/p>\n\n\n\n<ul><li>En MP sur Instagram<\/li><li>Via l&rsquo;application en cliquant sur le +<\/li><li>Par email \u00e0 <strong>dontstealmydog@gmail.com<\/strong> ou par sms au <strong>07 82 61 46 31<\/strong><\/li><\/ul>\n\n\n\n<p>N&rsquo;oubliez pas de m&rsquo;indiquer :<\/p>\n\n\n\n<ul><li>s&rsquo;il s&rsquo;agit d&rsquo;une <strong>tentative de vol<\/strong> ou d&rsquo;un <strong>rep\u00e9rage<\/strong><\/li><li>dans quel contexte cela s&rsquo;est pass\u00e9<\/li><li>la date, l&rsquo;heure et le lieu \ud83d\udccd<\/li><\/ul>\n","protected":false},"excerpt":{"rendered":"<p>Comment \u00eatre alert\u00e9 ? \u26a0\ufe0f 3 solutions possibles 1\ufe0f\u20e3 Par Instagram Les alertes sont toutes relay\u00e9es par instagram. Voici un aper\u00e7u du feed \ud83d\udc47\ud83c\udffc 2\ufe0f\u20e3 Par l&rsquo;application Don&rsquo;t Steal My Dog L&rsquo;application r\u00e9f\u00e9rence toutes les alertes et propose une vue map qui vous permet de cibler les annonces pr\u00e8s de chez vous \ud83d\uddfa 3\ufe0f\u20e3 Par&hellip; <br \/> <a class=\"read-more\" href=\"https:\/\/dontstealmydog.com\/index.php\/recevoir-les-alertes\/\">Lire la suite<\/a><\/p>\n","protected":false},"author":1,"featured_media":0,"parent":0,"menu_order":2,"comment_status":"closed","ping_status":"closed","template":"","meta":{"om_disable_all_campaigns":false,"_monsterinsights_skip_tracking":false,"_monsterinsights_sitenote_active":false,"_monsterinsights_sitenote_note":"","_monsterinsights_sitenote_category":0},"aioseo_notices":[],"_links":{"self":[{"href":"https:\/\/dontstealmydog.com\/index.php\/wp-json\/wp\/v2\/pages\/12"}],"collection":[{"href":"https:\/\/dontstealmydog.com\/index.php\/wp-json\/wp\/v2\/pages"}],"about":[{"href":"https:\/\/dontstealmydog.com\/index.php\/wp-json\/wp\/v2\/types\/page"}],"author":[{"embeddable":true,"href":"https:\/\/dontstealmydog.com\/index.php\/wp-json\/wp\/v2\/users\/1"}],"replies":[{"embeddable":true,"href":"https:\/\/dontstealmydog.com\/index.php\/wp-json\/wp\/v2\/comments?post=12"}],"version-history":[{"count":15,"href":"https:\/\/dontstealmydog.com\/index.php\/wp-json\/wp\/v2\/pages\/12\/revisions"}],"predecessor-version":[{"id":128,"href":"https:\/\/dontstealmydog.com\/index.php\/wp-json\/wp\/v2\/pages\/12\/revisions\/128"}],"wp:attachment":[{"href":"https:\/\/dontstealmydog.com\/index.php\/wp-json\/wp\/v2\/media?parent=12"}],"curies":[{"name":"wp","href":"https:\/\/api.w.org\/{rel}","templated":true}]}}